{"id":213,"date":"2022-02-01T18:19:27","date_gmt":"2022-02-01T17:19:27","guid":{"rendered":"http:\/\/lesmembracides.fr\/?page_id=213"},"modified":"2023-03-02T16:49:43","modified_gmt":"2023-03-02T15:49:43","slug":"les-membres","status":"publish","type":"page","link":"https:\/\/lesmembracides.fr\/index.php\/les-membres\/","title":{"rendered":"Les membres"},"content":{"rendered":"\n<h2 class=\"has-text-align-center\" id=\"les-presentations\" style=\"font-size:37px\"><strong>Les pr\u00e9sentations<\/strong><\/h2>\n\n\n\n<div class=\"is-layout-flex wp-container-3 wp-block-columns\">\n<div class=\"is-layout-flow wp-block-column\" style=\"flex-basis:33.33%\"><div class=\"wp-block-image is-style-rounded\">\n<figure class=\"aligncenter size-full\"><img decoding=\"async\" loading=\"lazy\" width=\"922\" height=\"906\" src=\"http:\/\/lesmembracides.fr\/wp-content\/uploads\/2018\/07\/Daniel.jpg\" alt=\"\" class=\"wp-image-98\" srcset=\"https:\/\/lesmembracides.fr\/wp-content\/uploads\/2018\/07\/Daniel.jpg 922w, https:\/\/lesmembracides.fr\/wp-content\/uploads\/2018\/07\/Daniel-300x295.jpg 300w, https:\/\/lesmembracides.fr\/wp-content\/uploads\/2018\/07\/Daniel-768x755.jpg 768w\" sizes=\"(max-width: 767px) 89vw, (max-width: 1000px) 54vw, (max-width: 1071px) 543px, 580px\" \/><figcaption class=\"wp-element-caption\"><mark style=\"background-color:#000000\" class=\"has-inline-color has-vivid-cyan-blue-color\"><strong>Daniel Mayerau<\/strong><br><em>Contrebasse<\/em><\/mark><\/figcaption><\/figure><\/div><\/div>\n\n\n\n<div class=\"is-layout-flow wp-block-column\" style=\"flex-basis:66.66%\">\n<p class=\"has-drop-cap has-text-align-left\" style=\"font-size:11px;font-style:normal;font-weight:100;line-height:1.7\"><mark style=\"background-color:rgba(0, 0, 0, 0)\" class=\"has-inline-color has-vivid-cyan-blue-color\"><strong>Daniel<\/strong> <\/mark>&#8211; Contrebassiste du <strong>trio d\u2019\u00c9ric Chapelle <\/strong>aux c\u00f4t\u00e9s de <strong>Richard H\u00e9ry<\/strong>, Daniel a particip\u00e9 \u00e0 des centaines de concerts dans le cadre de nombreuses collaborations avec des musiciens de premier plan : <strong>Fran\u00e7ois Corneloup, Vincent L\u00ea Quang, Richard H\u00e9ry, William Sabatier\u2026<\/strong><br>Dans les ann\u00e9es 90, il est \u00e9galement membre du pupitre de l\u2019<strong>orchestre Symphonique des D\u00f4mes <\/strong>et tient aussi la rythmique du <strong>Big Band Turquoise<\/strong>.<br>Il rejoint le Trio \u00ab <strong>Anatole <\/strong>\u00bb pour une s\u00e9rie d\u2019enregistrements et de concerts de chansons pour enfants, dans lequel il rencontre Francis. C\u2019est avec lui qu\u2019il participe ensuite \u00e0 des \u00ab performances \u00bb aux c\u00f4t\u00e9s de sculpteurs, danseurs et \u00e9crivains, au sein du \u00ab <strong>Collectif Ecarts<\/strong> \u00bb.<br>Ce parcours, tr\u00e8s vari\u00e9, a fa\u00e7onn\u00e9 la philosophie musicale de Daniel. Son approche peut \u00eatre tr\u00e8s \u00e9crite ou trait\u00e9e directement d\u2019oreille ; elle peut \u00eatre tout \u00e0 fait improvis\u00e9e, elle peut viser le \u00ab Jazz impeccable \u00bb, ou le c\u0153ur des enfants.<br>Il s\u2019agit par-dessus tout de servir la musique, de p\u00e9trir sa mati\u00e8re, sa po\u00e9sie\u2026 Il s\u2019agit de produire son incandescence.<br>Daniel est \u00e0 l\u2019initiative du projet des \u00ab <strong>Membracides<\/strong> \u00bb qu\u2019il nourrit de cette solide exp\u00e9rience artistique et musicale.<\/p>\n<\/div>\n<\/div>\n\n\n\n<div class=\"is-layout-flex wp-container-6 wp-block-columns\">\n<div class=\"is-layout-flow wp-block-column\" style=\"flex-basis:33.33%\"><div class=\"wp-block-image is-style-rounded\">\n<figure class=\"aligncenter size-large is-resized\"><img decoding=\"async\" loading=\"lazy\" src=\"http:\/\/lesmembracides.fr\/wp-content\/uploads\/2018\/07\/Florian-1024x754.jpg\" alt=\"\" class=\"wp-image-82\" width=\"214\" height=\"157\" srcset=\"https:\/\/lesmembracides.fr\/wp-content\/uploads\/2018\/07\/Florian-1024x754.jpg 1024w, https:\/\/lesmembracides.fr\/wp-content\/uploads\/2018\/07\/Florian-300x221.jpg 300w, https:\/\/lesmembracides.fr\/wp-content\/uploads\/2018\/07\/Florian-768x566.jpg 768w, https:\/\/lesmembracides.fr\/wp-content\/uploads\/2018\/07\/Florian-1200x884.jpg 1200w, https:\/\/lesmembracides.fr\/wp-content\/uploads\/2018\/07\/Florian.jpg 1335w\" sizes=\"(max-width: 214px) 100vw, 214px\" \/><figcaption class=\"wp-element-caption\"><mark style=\"background-color:#000000\" class=\"has-inline-color has-vivid-cyan-blue-color\"><strong>Florian Allaire<\/strong><br>Saxophones t\u00e9nor et soprano<\/mark><\/figcaption><\/figure><\/div><\/div>\n\n\n\n<div class=\"is-layout-flow wp-block-column\" style=\"flex-basis:66.66%\">\n<p class=\"has-drop-cap\" style=\"font-size:11px;font-style:normal;font-weight:100;line-height:1.7\"><mark style=\"background-color:rgba(0, 0, 0, 0)\" class=\"has-inline-color has-vivid-cyan-blue-color\"><strong>Florian <\/strong><\/mark>&#8211; Musicien form\u00e9 \u00e0 l&rsquo;Institut d&rsquo;Etudes Musicales de Clermont-Fd, Florian participe activement au d\u00e9veloppement de la sc\u00e8ne r\u00e9gionale des musiques improvis\u00e9es. Avec Francis et Nelly, \u00e0 la fin des ann\u00e9es 80, il diss\u00e8que les standards de Jazz au cours de nombreux concerts, au sein du \u00ab <strong>Carpe Diem Quintet<\/strong>\u00bb.<br>Compositeur et saxophoniste du <strong>Moza\u00efc Quartet<\/strong>, il a notamment pr\u00e9sent\u00e9 sur sc\u00e8ne \u00ab\u00a0<em>Confluence\u00a0\u00bb<\/em> et \u00ab\u00a0<em>D\u00e9paysage\u00a0\u00bb<\/em>, les deux albums originaux de cette formation jazz. Croisant la musique br\u00e9silienne et la chanson fran\u00e7aise aupr\u00e8s de divers groupes, il s&rsquo;int\u00e9resse \u00e9galement aux musiques \u00e9lectroniques et aux paysages sonores.<br>Musicien intervenant \u00e0 l&rsquo;\u00e9cole dipl\u00f4m\u00e9 (DUMI), Florian m\u00e8ne des projets de cr\u00e9ations artistiques avec des \u00e9l\u00e8ves des \u00e9coles primaires et maternelles et encadre des actions de sensibilisation aux musiques improvis\u00e9es en lyc\u00e9es professionnels. Il intervient r\u00e9guli\u00e8rement en structure d&rsquo;accueil de la petite enfance, aupr\u00e8s de tr\u00e8s jeunes enfants mais aussi en tant que formateur des professionnels de l&rsquo;enfance (\u00e9cole d&rsquo;\u00e9ducateurs de jeunes enfants, \u00e9cole de pu\u00e9riculture\u2026) afin de questionner le r\u00f4le de l&rsquo;adulte aupr\u00e8s de \u00ab\u00a0l&rsquo;enfant-explorateur de sons\u00a0\u00bb.<br>Il d\u00e9veloppe au sein de la Compagnie \u00ab <strong>A Tous Vents<\/strong> \u00bb ses recherches artistiques en direction du jeune public en proposant des spectacles pluridiscipliniares, provoque r\u00e9guli\u00e8rement des rencontres avec des artistes d&rsquo;horizons divers et d\u00e9veloppe la transmission de son exp\u00e9rience dans le cadre des formations qu&rsquo;il anime.<br>Florian d\u00e9tient une solide exp\u00e9rience de la sc\u00e8ne et du spectacle. Tant au saxophone soprano qu\u2019au t\u00e9nor, c\u2019est un improvisateur inspir\u00e9, bourr\u00e9 d\u2019\u00e9nergie, lyrique et incisif. Un insecte tr\u00e8s color\u00e9, assur\u00e9ment !<\/p>\n<\/div>\n<\/div>\n\n\n\n<div class=\"is-layout-flex wp-container-9 wp-block-columns\">\n<div class=\"is-layout-flow wp-block-column is-vertically-aligned-top\" style=\"flex-basis:33.33%\"><div class=\"wp-block-image is-style-rounded\">\n<figure class=\"alignleft size-full\"><img decoding=\"async\" loading=\"lazy\" width=\"334\" height=\"561\" src=\"http:\/\/lesmembracides.fr\/wp-content\/uploads\/2018\/07\/Mattieu.jpg\" alt=\"\" class=\"wp-image-99\" srcset=\"https:\/\/lesmembracides.fr\/wp-content\/uploads\/2018\/07\/Mattieu.jpg 334w, https:\/\/lesmembracides.fr\/wp-content\/uploads\/2018\/07\/Mattieu-179x300.jpg 179w\" sizes=\"(max-width: 334px) 100vw, 334px\" \/><figcaption class=\"wp-element-caption\"><mark style=\"background-color:#000000\" class=\"has-inline-color has-vivid-cyan-blue-color\"><strong>Mattieu Cariou<\/strong><br>Batterie<\/mark><\/figcaption><\/figure><\/div><\/div>\n\n\n\n<div class=\"is-layout-flow wp-block-column\" style=\"flex-basis:66.66%\">\n<p class=\"has-drop-cap\" style=\"font-size:11px;font-style:normal;font-weight:100;line-height:1.7\"><strong><mark style=\"background-color:rgba(0, 0, 0, 0)\" class=\"has-inline-color has-vivid-cyan-blue-color\">Mattieu <\/mark><\/strong>&#8211; Le pays Bigouden, \u00e0 la pointe sud du Finist\u00e8re, donne g\u00e9n\u00e9ralement l\u2019image d\u2019une tradition bien gard\u00e9e. Les dames habill\u00e9es de noir, coiff\u00e9es de cornettes blanches hors gabarit, les gars pugnaces et taiseux, durs au travail, \u00e0 la ferme ou en mer. On mange des cr\u00eapes, des galettes et des sardines, on joue du \u00ab\u00a0biniou kozh\u00a0\u00bb (une cornemuse d\u2019un mod\u00e8le bien particulier, au chant aigu) et de la bombarde (une sorte de hautbois, en plus aigu, lui aussi)\u00a0; on chante des chansons de marins, perp\u00e9tr\u00e9es de g\u00e9n\u00e9ration en g\u00e9n\u00e9ration. C\u2019est pourtant au c\u0153ur du pays Bigouden, \u00e0 Ploneour Lanvern, que Mattieu d\u00e9marre la batterie \u00e0 14 ans, embarqu\u00e9 dans la bienveillance d\u2019un voisin\u00a0: Philippe Briant, mordu de Jazz, qui fait partie de la<br>rythmique locale charg\u00e9e d\u2019accompagner les musiciens am\u00e9ricains quand ils sont de passage. Il a m\u00eame jou\u00e9 avec Dizzy Gillespie\u00a0! Il faut dire que la famille de Mattieu est immerg\u00e9e dans la musique\u00a0: son grand p\u00e8re joue du<br>saxophone, du piano, du banjo\u00a0; son Papa est aussi saxophoniste. Mattieu fera partie d\u2019orchestres de<br>bals \u00e0 leurs c\u00f4t\u00e9s, mais c\u2019est \u00e0 l\u2019\u00e9cole de cr\u00e9ation musicale d\u2019\u00c9ric Le Lann que son jeu de batterie va s\u2019\u00e9toffer.<br>Depuis son installation en Auvergne, il a pris part \u00e0 de beaux projets\u00a0: <strong>Soul Power<\/strong>, avec Sarah Boulet\u00a0; sessions en trio avec <strong>Serge Delaite<\/strong>. <br>Au sein des <strong>Membracides<\/strong>, il butine sa batterie, appliqu\u00e9 et inventif, comme les formidables petites abeilles noires de Bretagne.<\/p>\n<\/div>\n<\/div>\n\n\n\n<div class=\"is-layout-flex wp-container-12 wp-block-columns\">\n<div class=\"is-layout-flow wp-block-column\" style=\"flex-basis:33.33%\"><div class=\"wp-block-image is-style-rounded\">\n<figure class=\"aligncenter size-full\"><img decoding=\"async\" loading=\"lazy\" width=\"429\" height=\"472\" src=\"http:\/\/lesmembracides.fr\/wp-content\/uploads\/2018\/07\/nelly.jpg\" alt=\"\" class=\"wp-image-100\" srcset=\"https:\/\/lesmembracides.fr\/wp-content\/uploads\/2018\/07\/nelly.jpg 429w, https:\/\/lesmembracides.fr\/wp-content\/uploads\/2018\/07\/nelly-273x300.jpg 273w\" sizes=\"(max-width: 429px) 100vw, 429px\" \/><figcaption class=\"wp-element-caption\"><mark style=\"background-color:#000000\" class=\"has-inline-color has-vivid-cyan-blue-color\"><strong>Nelly Copp\u00e9r\u00e9<\/strong><br>Piano<\/mark><\/figcaption><\/figure><\/div><\/div>\n\n\n\n<div class=\"is-layout-flow wp-block-column\" style=\"flex-basis:66.66%\">\n<p class=\"has-drop-cap\" style=\"font-size:11px;font-style:normal;font-weight:100;line-height:1.7\"><strong><mark style=\"background-color:rgba(0, 0, 0, 0)\" class=\"has-inline-color has-vivid-cyan-blue-color\">Nelly<\/mark><mark style=\"background-color:rgba(0, 0, 0, 0)\" class=\"has-inline-color has-pale-pink-color\"> <\/mark><\/strong>&#8211; L\u2019enfance et l\u2019adolescence de Nelly baignent dans la musique. Son p\u00e8re est saxophoniste dans un orchestre de bals : la maison est emplie de valses musette, de mambo, de paso-dobles\u2026 Son oncle G\u00e9rard part \u00e0 Paris, son saxophone sous le bras : il est de ceux qui enclenchent le Free-Jazz en France, aux c\u00f4t\u00e9s de Jeff Sicard et des fr\u00e8res Villaroel. Il ram\u00e8ne sur le tourne-disque familial les albums de Mingus, Coltrane, Stan Getz\u2026<br>C\u2019est dans ce contexte que Nelly apprend le piano : elle joue Chopin, Bach et acquiert une solide formation classique. Elle sera \u00e9galement \u00e9l\u00e8ve de Laurent Martin puis de Serge Delaite.<br>Nelly int\u00e8gre le \u00ab <strong>Carpe Diem Quintet<\/strong> \u00bb avec Francis et Florian \u00e0 la fin des ann\u00e9es 80. Ce quintet tourne pendant une dizaine d\u2019ann\u00e9es, en accumulant les concerts et les rencontres. C\u2019est le temps des standards, des soir\u00e9es d\u00e9brid\u00e9es\u2026<br>Elle participe au \u00ab <strong>Marilou Groove Project<\/strong> \u00bb, avec Marielle Combes, Francis, Jean Marc Gusi, Michel Gasperin. Puis elle monte le \u00ab <strong>Chicken Trio<\/strong> \u00bb, avec Jean Marc et Michel, auquel Jacques se joint par la suite. Ils explorent l\u2019univers du Jazz moderne (Henri Texier, Chick Cor\u00e9a, Thelonius Monk)\u2026 L\u2019ambiance de Bill Evans plane sur leur musique.<br>Nelly int\u00e8gre le projet \u00ab<strong>Membracides<\/strong> \u00bb d\u00e8s le d\u00e9but en apportant son univers\u2026 et de belles compositions.<\/p>\n<\/div>\n<\/div>\n\n\n\n<div class=\"is-layout-flex wp-container-15 wp-block-columns\">\n<div class=\"is-layout-flow wp-block-column\" style=\"flex-basis:33.32%\"><div class=\"wp-block-image is-style-rounded\">\n<figure class=\"aligncenter size-full\"><img decoding=\"async\" loading=\"lazy\" width=\"960\" height=\"640\" src=\"http:\/\/lesmembracides.fr\/wp-content\/uploads\/2018\/07\/Francis-2.jpg\" alt=\"\" class=\"wp-image-88\" srcset=\"https:\/\/lesmembracides.fr\/wp-content\/uploads\/2018\/07\/Francis-2.jpg 960w, https:\/\/lesmembracides.fr\/wp-content\/uploads\/2018\/07\/Francis-2-300x200.jpg 300w, https:\/\/lesmembracides.fr\/wp-content\/uploads\/2018\/07\/Francis-2-768x512.jpg 768w\" sizes=\"(max-width: 767px) 89vw, (max-width: 1000px) 54vw, (max-width: 1071px) 543px, 580px\" \/><figcaption class=\"wp-element-caption\"><mark style=\"background-color:#000000\" class=\"has-inline-color has-vivid-cyan-blue-color\"><strong>Francis Michard<\/strong><br>Saxophone alto<\/mark><\/figcaption><\/figure><\/div><\/div>\n\n\n\n<div class=\"is-layout-flow wp-block-column\" style=\"flex-basis:66.68%\">\n<p class=\"has-drop-cap\" style=\"font-size:11px;font-style:normal;font-weight:100;line-height:1.7\"><strong><mark style=\"background-color:rgba(0, 0, 0, 0)\" class=\"has-inline-color has-vivid-cyan-blue-color\">Francis<\/mark><mark style=\"background-color:rgba(0, 0, 0, 0)\" class=\"has-inline-color has-pale-pink-color\"> <\/mark><\/strong>&#8211; Rescap\u00e9 musical d\u2019une p\u00e9riode rock\u2019n&rsquo;roll dans les ann\u00e9es 90, Francis a gliss\u00e9 son saxophone dans des paysages de toutes les couleurs : avec le \u00ab\u00a0<strong>Carpe Diem Quintet<\/strong>\u00a0\u00bb (dans lequel jouaient d\u00e9j\u00e0 Florian et Nelly), il s&rsquo;agissait d&rsquo;\u00e9triller les standards de jazz ; avec les \u00ab\u00a0<strong>Jardiniers du Bonheur<\/strong>\u00ab\u00a0, au d\u00e9but des ann\u00e9es 2000, en trio avec deux percussionnistes (Richard H\u00e9ry et Denis Maisonneuve), le temps est \u00e0 l&rsquo;exp\u00e9rimentation et \u00e0 la musique improvis\u00e9e ; il encha\u00eene les cr\u00e9ations de chansons pour enfants au sein du trio \u00ab <strong>Anatole<\/strong> \u00bb (avec Jean Petit et Jean Marc Gusi).<br>Vous pouvez le croiser \u00e9galement, dans des ambiances \u00ab ap\u00e9ro-swing-improvisation-faut-qu\u2019\u00e7a-joue !\u2026\u00bb, avec le trio \u00ab <strong>La Bulle de Jazz <\/strong>\u00bb, ou avec le \u00ab\u00a0<strong>New Time Trio<\/strong>\u00ab\u00a0, pour un r\u00e9pertoire plus personnel.<br>Depuis 2010, il anime une fanfare \u00ab\u00a0d\u00e9cal\u00e9e\u00a0\u00bb pour laquelle il \u00e9crit un r\u00e9pertoire original, revendiquant une musique utopiste et po\u00e9tique : \u00ab<strong> La Fanfare Officielle de la F\u00e9d\u00e9ration des R\u00e9publiques Utopistes Ind\u00e9pendantes<\/strong> \u00bb.<br>Il participe au projet des \u00ab\u00a0<strong>Membracides<\/strong>\u00a0\u00bb depuis le d\u00e9but, avec son saxophone alto, ses propositions d&rsquo;arrangements et de compositions.<\/p>\n<\/div>\n<\/div>\n","protected":false},"excerpt":{"rendered":"<p>Les pr\u00e9sentations Daniel &#8211; Contrebassiste du trio d\u2019\u00c9ric Chapelle aux c\u00f4t\u00e9s de Richard H\u00e9ry, Daniel a particip\u00e9 \u00e0 des centaines de concerts dans le cadre de nombreuses collaborations avec des musiciens de premier plan : Fran\u00e7ois Corneloup, Vincent L\u00ea Quang, Richard H\u00e9ry, William Sabatier\u2026Dans les ann\u00e9es 90, il est \u00e9galement membre du pupitre de l\u2019orchestre &hellip; <\/p>\n<p class=\"link-more\"><a href=\"https:\/\/lesmembracides.fr\/index.php\/les-membres\/\" class=\"more-link\">Continuer la lecture<span class=\"screen-reader-text\"> de &laquo;&nbsp;Les membres&nbsp;&raquo;<\/span><\/a><\/p>\n","protected":false},"author":1,"featured_media":0,"parent":0,"menu_order":0,"comment_status":"closed","ping_status":"closed","template":"","meta":[],"_links":{"self":[{"href":"https:\/\/lesmembracides.fr\/index.php\/wp-json\/wp\/v2\/pages\/213"}],"collection":[{"href":"https:\/\/lesmembracides.fr\/index.php\/wp-json\/wp\/v2\/pages"}],"about":[{"href":"https:\/\/lesmembracides.fr\/index.php\/wp-json\/wp\/v2\/types\/page"}],"author":[{"embeddable":true,"href":"https:\/\/lesmembracides.fr\/index.php\/wp-json\/wp\/v2\/users\/1"}],"replies":[{"embeddable":true,"href":"https:\/\/lesmembracides.fr\/index.php\/wp-json\/wp\/v2\/comments?post=213"}],"version-history":[{"count":20,"href":"https:\/\/lesmembracides.fr\/index.php\/wp-json\/wp\/v2\/pages\/213\/revisions"}],"predecessor-version":[{"id":519,"href":"https:\/\/lesmembracides.fr\/index.php\/wp-json\/wp\/v2\/pages\/213\/revisions\/519"}],"wp:attachment":[{"href":"https:\/\/lesmembracides.fr\/index.php\/wp-json\/wp\/v2\/media?parent=213"}],"curies":[{"name":"wp","href":"https:\/\/api.w.org\/{rel}","templated":true}]}}